{"id":152,"date":"2018-03-07T09:08:36","date_gmt":"2018-03-07T09:08:36","guid":{"rendered":"https:\/\/transferencia.co\/?page_id=152"},"modified":"2019-09-19T09:47:06","modified_gmt":"2019-09-19T14:47:06","slug":"invernaderos-y-polietileno-israeli","status":"publish","type":"page","link":"https:\/\/transferencia.co\/?page_id=152","title":{"rendered":"Invernaderos y Polietileno Israel\u00ed"},"content":{"rendered":"\t\t<div data-elementor-type=\"wp-post\" data-elementor-id=\"152\" class=\"elementor elementor-152\" data-elementor-post-type=\"page\">\n\t\t\t\t\t\t<section data-particle_enable=\"false\" data-particle-mobile-disabled=\"false\" class=\"elementor-section elementor-top-section elementor-element elementor-element-528805d elementor-section-stretched elementor-section-boxed elementor-section-height-default elementor-section-height-default\" data-id=\"528805d\" data-element_type=\"section\" data-e-type=\"section\" data-settings=\"{&quot;stretch_section&quot;:&quot;section-stretched&quot;}\">\n\t\t\t\t\t\t<div class=\"elementor-container elementor-column-gap-default\">\n\t\t\t\t\t<div class=\"elementor-column elementor-col-100 elementor-top-column elementor-element elementor-element-10e48d0\" data-id=\"10e48d0\" data-element_type=\"column\" data-e-type=\"column\">\n\t\t\t<div class=\"elementor-widget-wrap elementor-element-populated\">\n\t\t\t\t\t\t<div class=\"elementor-element elementor-element-8092658 elementor-widget elementor-widget-image\" data-id=\"8092658\" data-element_type=\"widget\" data-e-type=\"widget\" data-widget_type=\"image.default\">\n\t\t\t\t<div class=\"elementor-widget-container\">\n\t\t\t\t\t\t\t\t\t\t\t\t\t\t\t<img fetchpriority=\"high\" decoding=\"async\" width=\"1024\" height=\"171\" src=\"https:\/\/transferencia.co\/wp-content\/uploads\/2019\/09\/polietileno-1024x171.png\" class=\"attachment-large size-large wp-image-745\" alt=\"\" srcset=\"https:\/\/transferencia.co\/wp-content\/uploads\/2019\/09\/polietileno.png 1024w, https:\/\/transferencia.co\/wp-content\/uploads\/2019\/09\/polietileno-300x50.png 300w, https:\/\/transferencia.co\/wp-content\/uploads\/2019\/09\/polietileno-768x128.png 768w, https:\/\/transferencia.co\/wp-content\/uploads\/2019\/09\/polietileno-830x139.png 830w, https:\/\/transferencia.co\/wp-content\/uploads\/2019\/09\/polietileno-230x38.png 230w, https:\/\/transferencia.co\/wp-content\/uploads\/2019\/09\/polietileno-350x58.png 350w, https:\/\/transferencia.co\/wp-content\/uploads\/2019\/09\/polietileno-480x80.png 480w\" sizes=\"(max-width: 1024px) 100vw, 1024px\" \/>\t\t\t\t\t\t\t\t\t\t\t\t\t\t\t<\/div>\n\t\t\t\t<\/div>\n\t\t\t\t\t<\/div>\n\t\t<\/div>\n\t\t\t\t\t<\/div>\n\t\t<\/section>\n\t\t\t\t<section data-particle_enable=\"false\" data-particle-mobile-disabled=\"false\" class=\"elementor-section elementor-top-section elementor-element elementor-element-28ec8cc elementor-section-boxed elementor-section-height-default elementor-section-height-default\" data-id=\"28ec8cc\" data-element_type=\"section\" data-e-type=\"section\">\n\t\t\t\t\t\t<div class=\"elementor-container elementor-column-gap-default\">\n\t\t\t\t\t<div class=\"elementor-column elementor-col-100 elementor-top-column elementor-element elementor-element-14e915a\" data-id=\"14e915a\" data-element_type=\"column\" data-e-type=\"column\">\n\t\t\t<div class=\"elementor-widget-wrap elementor-element-populated\">\n\t\t\t\t\t\t<div class=\"elementor-element elementor-element-20282ac elementor-widget-divider--view-line elementor-widget elementor-widget-divider\" data-id=\"20282ac\" data-element_type=\"widget\" data-e-type=\"widget\" data-widget_type=\"divider.default\">\n\t\t\t\t<div class=\"elementor-widget-container\">\n\t\t\t\t\t\t\t<div class=\"elementor-divider\">\n\t\t\t<span class=\"elementor-divider-separator\">\n\t\t\t\t\t\t<\/span>\n\t\t<\/div>\n\t\t\t\t\t\t<\/div>\n\t\t\t\t<\/div>\n\t\t\t\t\t<\/div>\n\t\t<\/div>\n\t\t\t\t\t<\/div>\n\t\t<\/section>\n\t\t\t\t<section data-particle_enable=\"false\" data-particle-mobile-disabled=\"false\" class=\"elementor-section elementor-top-section elementor-element elementor-element-7238656 elementor-section-boxed elementor-section-height-default elementor-section-height-default\" data-id=\"7238656\" data-element_type=\"section\" data-e-type=\"section\">\n\t\t\t\t\t\t<div class=\"elementor-container elementor-column-gap-default\">\n\t\t\t\t\t<div class=\"elementor-column elementor-col-100 elementor-top-column elementor-element elementor-element-e226655\" data-id=\"e226655\" data-element_type=\"column\" data-e-type=\"column\">\n\t\t\t<div class=\"elementor-widget-wrap elementor-element-populated\">\n\t\t\t\t\t\t<div class=\"elementor-element elementor-element-5b462f9 elementor-widget elementor-widget-heading\" data-id=\"5b462f9\" data-element_type=\"widget\" data-e-type=\"widget\" data-widget_type=\"heading.default\">\n\t\t\t\t<div class=\"elementor-widget-container\">\n\t\t\t\t\t<h2 class=\"elementor-heading-title elementor-size-default\">INVERNADEROS Y POLIETILENO ISRAEL\u00cd<\/h2>\t\t\t\t<\/div>\n\t\t\t\t<\/div>\n\t\t\t\t\t<\/div>\n\t\t<\/div>\n\t\t\t\t\t<\/div>\n\t\t<\/section>\n\t\t\t\t<section data-particle_enable=\"false\" data-particle-mobile-disabled=\"false\" class=\"elementor-section elementor-top-section elementor-element elementor-element-a9836fa elementor-section-boxed elementor-section-height-default elementor-section-height-default\" data-id=\"a9836fa\" data-element_type=\"section\" data-e-type=\"section\">\n\t\t\t\t\t\t<div class=\"elementor-container elementor-column-gap-default\">\n\t\t\t\t\t<div class=\"elementor-column elementor-col-100 elementor-top-column elementor-element elementor-element-21dda01\" data-id=\"21dda01\" data-element_type=\"column\" data-e-type=\"column\">\n\t\t\t<div class=\"elementor-widget-wrap elementor-element-populated\">\n\t\t\t\t\t\t<div class=\"elementor-element elementor-element-70faf55 elementor-widget-divider--view-line elementor-widget elementor-widget-divider\" data-id=\"70faf55\" data-element_type=\"widget\" data-e-type=\"widget\" data-widget_type=\"divider.default\">\n\t\t\t\t<div class=\"elementor-widget-container\">\n\t\t\t\t\t\t\t<div class=\"elementor-divider\">\n\t\t\t<span class=\"elementor-divider-separator\">\n\t\t\t\t\t\t<\/span>\n\t\t<\/div>\n\t\t\t\t\t\t<\/div>\n\t\t\t\t<\/div>\n\t\t\t\t\t<\/div>\n\t\t<\/div>\n\t\t\t\t\t<\/div>\n\t\t<\/section>\n\t\t\t\t<section data-particle_enable=\"false\" data-particle-mobile-disabled=\"false\" class=\"elementor-section elementor-top-section elementor-element elementor-element-186e4cc2 elementor-section-boxed elementor-section-height-default elementor-section-height-default\" data-id=\"186e4cc2\" data-element_type=\"section\" data-e-type=\"section\">\n\t\t\t\t\t\t<div class=\"elementor-container elementor-column-gap-default\">\n\t\t\t\t\t<div class=\"elementor-column elementor-col-100 elementor-top-column elementor-element elementor-element-b2e077a\" data-id=\"b2e077a\" data-element_type=\"column\" data-e-type=\"column\">\n\t\t\t<div class=\"elementor-widget-wrap elementor-element-populated\">\n\t\t\t\t\t\t<div class=\"elementor-element elementor-element-6caa5336 elementor-widget elementor-widget-text-editor\" data-id=\"6caa5336\" data-element_type=\"widget\" data-e-type=\"widget\" data-widget_type=\"text-editor.default\">\n\t\t\t\t<div class=\"elementor-widget-container\">\n\t\t\t\t\t\t\t\t\t<p><strong>TRANSFERENCIA AGR\u00cdCOLA S.A.S<\/strong>, cuenta desde el a\u00f1o 2012 con la distribuci\u00f3n exclusiva para Colombia del polietileno israel\u00ed Politiv, el cu\u00e1l se caracteriza por ser una l\u00e1mina de polietileno inteligente que brinda mayor cantidad y calidad de luz, que se traduce en mayor eficiencia fotosint\u00e9tica, por ende, mayor rendimiento en los cultivos.<\/p><p><strong>Politiv<\/strong> utiliza una de las m\u00e1quinas multi-capas m\u00e1s avanzada del mundo, que proporciona altos est\u00e1ndares de calidad.<\/p>\t\t\t\t\t\t\t\t<\/div>\n\t\t\t\t<\/div>\n\t\t\t\t\t<\/div>\n\t\t<\/div>\n\t\t\t\t\t<\/div>\n\t\t<\/section>\n\t\t\t\t<section data-particle_enable=\"false\" data-particle-mobile-disabled=\"false\" class=\"elementor-section elementor-top-section elementor-element elementor-element-980929a elementor-section-boxed elementor-section-height-default elementor-section-height-default\" data-id=\"980929a\" data-element_type=\"section\" data-e-type=\"section\">\n\t\t\t\t\t\t<div class=\"elementor-container elementor-column-gap-default\">\n\t\t\t\t\t<div class=\"elementor-column elementor-col-100 elementor-top-column elementor-element elementor-element-3e3f407\" data-id=\"3e3f407\" data-element_type=\"column\" data-e-type=\"column\">\n\t\t\t<div class=\"elementor-widget-wrap elementor-element-populated\">\n\t\t\t\t\t\t<div class=\"elementor-element elementor-element-435ec3c gallery-spacing-custom elementor-widget elementor-widget-image-gallery\" data-id=\"435ec3c\" data-element_type=\"widget\" data-e-type=\"widget\" data-widget_type=\"image-gallery.default\">\n\t\t\t\t<div class=\"elementor-widget-container\">\n\t\t\t\t\t\t\t<div class=\"elementor-image-gallery\">\n\t\t\t<div id='gallery-1' class='gallery galleryid-152 gallery-columns-7 gallery-size-thumbnail'><figure class='gallery-item'>\n\t\t\t<div class='gallery-icon landscape'>\n\t\t\t\t<a data-elementor-open-lightbox=\"yes\" data-elementor-lightbox-slideshow=\"435ec3c\" data-elementor-lightbox-title=\"DSC04260\" data-e-action-hash=\"#elementor-action%3Aaction%3Dlightbox%26settings%3DeyJpZCI6NzA5LCJ1cmwiOiJodHRwczpcL1wvdHJhbnNmZXJlbmNpYS5jb1wvd3AtY29udGVudFwvdXBsb2Fkc1wvMjAxOVwvMDlcL0RTQzA0MjYwLmpwZyIsInNsaWRlc2hvdyI6IjQzNWVjM2MifQ%3D%3D\" href='https:\/\/transferencia.co\/wp-content\/uploads\/2019\/09\/DSC04260.jpg'><img decoding=\"async\" width=\"150\" height=\"150\" src=\"https:\/\/transferencia.co\/wp-content\/uploads\/2019\/09\/DSC04260-150x150.jpg\" class=\"attachment-thumbnail size-thumbnail\" alt=\"\" \/><\/a>\n\t\t\t<\/div><\/figure><figure class='gallery-item'>\n\t\t\t<div class='gallery-icon landscape'>\n\t\t\t\t<a data-elementor-open-lightbox=\"yes\" data-elementor-lightbox-slideshow=\"435ec3c\" data-elementor-lightbox-title=\"DSC04263\" data-e-action-hash=\"#elementor-action%3Aaction%3Dlightbox%26settings%3DeyJpZCI6NzEwLCJ1cmwiOiJodHRwczpcL1wvdHJhbnNmZXJlbmNpYS5jb1wvd3AtY29udGVudFwvdXBsb2Fkc1wvMjAxOVwvMDlcL0RTQzA0MjYzLmpwZyIsInNsaWRlc2hvdyI6IjQzNWVjM2MifQ%3D%3D\" href='https:\/\/transferencia.co\/wp-content\/uploads\/2019\/09\/DSC04263.jpg'><img decoding=\"async\" width=\"150\" height=\"150\" src=\"https:\/\/transferencia.co\/wp-content\/uploads\/2019\/09\/DSC04263-150x150.jpg\" class=\"attachment-thumbnail size-thumbnail\" alt=\"\" \/><\/a>\n\t\t\t<\/div><\/figure><figure class='gallery-item'>\n\t\t\t<div class='gallery-icon landscape'>\n\t\t\t\t<a data-elementor-open-lightbox=\"yes\" data-elementor-lightbox-slideshow=\"435ec3c\" data-elementor-lightbox-title=\"DSC04264\" data-e-action-hash=\"#elementor-action%3Aaction%3Dlightbox%26settings%3DeyJpZCI6NzExLCJ1cmwiOiJodHRwczpcL1wvdHJhbnNmZXJlbmNpYS5jb1wvd3AtY29udGVudFwvdXBsb2Fkc1wvMjAxOVwvMDlcL0RTQzA0MjY0LmpwZyIsInNsaWRlc2hvdyI6IjQzNWVjM2MifQ%3D%3D\" href='https:\/\/transferencia.co\/wp-content\/uploads\/2019\/09\/DSC04264.jpg'><img loading=\"lazy\" decoding=\"async\" width=\"150\" height=\"150\" src=\"https:\/\/transferencia.co\/wp-content\/uploads\/2019\/09\/DSC04264-150x150.jpg\" class=\"attachment-thumbnail size-thumbnail\" alt=\"\" \/><\/a>\n\t\t\t<\/div><\/figure><figure class='gallery-item'>\n\t\t\t<div class='gallery-icon landscape'>\n\t\t\t\t<a data-elementor-open-lightbox=\"yes\" data-elementor-lightbox-slideshow=\"435ec3c\" data-elementor-lightbox-title=\"DSC04266\" data-e-action-hash=\"#elementor-action%3Aaction%3Dlightbox%26settings%3DeyJpZCI6NzEyLCJ1cmwiOiJodHRwczpcL1wvdHJhbnNmZXJlbmNpYS5jb1wvd3AtY29udGVudFwvdXBsb2Fkc1wvMjAxOVwvMDlcL0RTQzA0MjY2LmpwZyIsInNsaWRlc2hvdyI6IjQzNWVjM2MifQ%3D%3D\" href='https:\/\/transferencia.co\/wp-content\/uploads\/2019\/09\/DSC04266.jpg'><img loading=\"lazy\" decoding=\"async\" width=\"150\" height=\"150\" src=\"https:\/\/transferencia.co\/wp-content\/uploads\/2019\/09\/DSC04266-150x150.jpg\" class=\"attachment-thumbnail size-thumbnail\" alt=\"\" \/><\/a>\n\t\t\t<\/div><\/figure><figure class='gallery-item'>\n\t\t\t<div class='gallery-icon landscape'>\n\t\t\t\t<a data-elementor-open-lightbox=\"yes\" data-elementor-lightbox-slideshow=\"435ec3c\" data-elementor-lightbox-title=\"DSC04267\" data-e-action-hash=\"#elementor-action%3Aaction%3Dlightbox%26settings%3DeyJpZCI6NzEzLCJ1cmwiOiJodHRwczpcL1wvdHJhbnNmZXJlbmNpYS5jb1wvd3AtY29udGVudFwvdXBsb2Fkc1wvMjAxOVwvMDlcL0RTQzA0MjY3LTEuanBnIiwic2xpZGVzaG93IjoiNDM1ZWMzYyJ9\" href='https:\/\/transferencia.co\/wp-content\/uploads\/2019\/09\/DSC04267-1.jpg'><img loading=\"lazy\" decoding=\"async\" width=\"150\" height=\"150\" src=\"https:\/\/transferencia.co\/wp-content\/uploads\/2019\/09\/DSC04267-1-150x150.jpg\" class=\"attachment-thumbnail size-thumbnail\" alt=\"\" \/><\/a>\n\t\t\t<\/div><\/figure><figure class='gallery-item'>\n\t\t\t<div class='gallery-icon landscape'>\n\t\t\t\t<a data-elementor-open-lightbox=\"yes\" data-elementor-lightbox-slideshow=\"435ec3c\" data-elementor-lightbox-title=\"FOTO 9 CAPILLA polietileno\" data-e-action-hash=\"#elementor-action%3Aaction%3Dlightbox%26settings%3DeyJpZCI6NzE0LCJ1cmwiOiJodHRwczpcL1wvdHJhbnNmZXJlbmNpYS5jb1wvd3AtY29udGVudFwvdXBsb2Fkc1wvMjAxOVwvMDlcL0ZPVE8tOS1DQVBJTExBLXBvbGlldGlsZW5vLmpwZyIsInNsaWRlc2hvdyI6IjQzNWVjM2MifQ%3D%3D\" href='https:\/\/transferencia.co\/wp-content\/uploads\/2019\/09\/FOTO-9-CAPILLA-polietileno.jpg'><img loading=\"lazy\" decoding=\"async\" width=\"150\" height=\"150\" src=\"https:\/\/transferencia.co\/wp-content\/uploads\/2019\/09\/FOTO-9-CAPILLA-polietileno-150x150.jpg\" class=\"attachment-thumbnail size-thumbnail\" alt=\"\" \/><\/a>\n\t\t\t<\/div><\/figure><figure class='gallery-item'>\n\t\t\t<div class='gallery-icon landscape'>\n\t\t\t\t<a data-elementor-open-lightbox=\"yes\" data-elementor-lightbox-slideshow=\"435ec3c\" data-elementor-lightbox-title=\"POLIETILENO\" data-e-action-hash=\"#elementor-action%3Aaction%3Dlightbox%26settings%3DeyJpZCI6NzE1LCJ1cmwiOiJodHRwczpcL1wvdHJhbnNmZXJlbmNpYS5jb1wvd3AtY29udGVudFwvdXBsb2Fkc1wvMjAxOVwvMDlcL1BPTElFVElMRU5PLmpwZyIsInNsaWRlc2hvdyI6IjQzNWVjM2MifQ%3D%3D\" href='https:\/\/transferencia.co\/wp-content\/uploads\/2019\/09\/POLIETILENO.jpg'><img loading=\"lazy\" decoding=\"async\" width=\"150\" height=\"150\" src=\"https:\/\/transferencia.co\/wp-content\/uploads\/2019\/09\/POLIETILENO-150x150.jpg\" class=\"attachment-thumbnail size-thumbnail\" alt=\"\" \/><\/a>\n\t\t\t<\/div><\/figure><figure class='gallery-item'>\n\t\t\t<div class='gallery-icon landscape'>\n\t\t\t\t<a data-elementor-open-lightbox=\"yes\" data-elementor-lightbox-slideshow=\"435ec3c\" data-elementor-lightbox-title=\"polietileno_israel_para_invernaderos_14\" data-e-action-hash=\"#elementor-action%3Aaction%3Dlightbox%26settings%3DeyJpZCI6MTg5LCJ1cmwiOiJodHRwczpcL1wvdHJhbnNmZXJlbmNpYS5jb1wvd3AtY29udGVudFwvdXBsb2Fkc1wvMjAxOFwvMDNcL3BvbGlldGlsZW5vX2lzcmFlbF9wYXJhX2ludmVybmFkZXJvc18xNC5qcGciLCJzbGlkZXNob3ciOiI0MzVlYzNjIn0%3D\" href='https:\/\/transferencia.co\/wp-content\/uploads\/2018\/03\/polietileno_israel_para_invernaderos_14.jpg'><img loading=\"lazy\" decoding=\"async\" width=\"150\" height=\"150\" src=\"https:\/\/transferencia.co\/wp-content\/uploads\/2018\/03\/polietileno_israel_para_invernaderos_14-150x150.jpg\" class=\"attachment-thumbnail size-thumbnail\" alt=\"\" \/><\/a>\n\t\t\t<\/div><\/figure><figure class='gallery-item'>\n\t\t\t<div class='gallery-icon portrait'>\n\t\t\t\t<a data-elementor-open-lightbox=\"yes\" data-elementor-lightbox-slideshow=\"435ec3c\" data-elementor-lightbox-title=\"polietileno_israel_para_invernaderos_12\" data-e-action-hash=\"#elementor-action%3Aaction%3Dlightbox%26settings%3DeyJpZCI6MTg3LCJ1cmwiOiJodHRwczpcL1wvdHJhbnNmZXJlbmNpYS5jb1wvd3AtY29udGVudFwvdXBsb2Fkc1wvMjAxOFwvMDNcL3BvbGlldGlsZW5vX2lzcmFlbF9wYXJhX2ludmVybmFkZXJvc18xMi5qcGciLCJzbGlkZXNob3ciOiI0MzVlYzNjIn0%3D\" href='https:\/\/transferencia.co\/wp-content\/uploads\/2018\/03\/polietileno_israel_para_invernaderos_12.jpg'><img loading=\"lazy\" decoding=\"async\" width=\"150\" height=\"150\" src=\"https:\/\/transferencia.co\/wp-content\/uploads\/2018\/03\/polietileno_israel_para_invernaderos_12-150x150.jpg\" class=\"attachment-thumbnail size-thumbnail\" alt=\"\" \/><\/a>\n\t\t\t<\/div><\/figure><figure class='gallery-item'>\n\t\t\t<div class='gallery-icon portrait'>\n\t\t\t\t<a data-elementor-open-lightbox=\"yes\" data-elementor-lightbox-slideshow=\"435ec3c\" data-elementor-lightbox-title=\"polietileno_israel_para_invernaderos_11\" data-e-action-hash=\"#elementor-action%3Aaction%3Dlightbox%26settings%3DeyJpZCI6MTg2LCJ1cmwiOiJodHRwczpcL1wvdHJhbnNmZXJlbmNpYS5jb1wvd3AtY29udGVudFwvdXBsb2Fkc1wvMjAxOFwvMDNcL3BvbGlldGlsZW5vX2lzcmFlbF9wYXJhX2ludmVybmFkZXJvc18xMS5qcGciLCJzbGlkZXNob3ciOiI0MzVlYzNjIn0%3D\" href='https:\/\/transferencia.co\/wp-content\/uploads\/2018\/03\/polietileno_israel_para_invernaderos_11.jpg'><img loading=\"lazy\" decoding=\"async\" width=\"150\" height=\"150\" src=\"https:\/\/transferencia.co\/wp-content\/uploads\/2018\/03\/polietileno_israel_para_invernaderos_11-150x150.jpg\" class=\"attachment-thumbnail size-thumbnail\" alt=\"\" \/><\/a>\n\t\t\t<\/div><\/figure><figure class='gallery-item'>\n\t\t\t<div class='gallery-icon landscape'>\n\t\t\t\t<a data-elementor-open-lightbox=\"yes\" data-elementor-lightbox-slideshow=\"435ec3c\" data-elementor-lightbox-title=\"polietileno_israel_para_invernaderos_10\" data-e-action-hash=\"#elementor-action%3Aaction%3Dlightbox%26settings%3DeyJpZCI6MTg1LCJ1cmwiOiJodHRwczpcL1wvdHJhbnNmZXJlbmNpYS5jb1wvd3AtY29udGVudFwvdXBsb2Fkc1wvMjAxOFwvMDNcL3BvbGlldGlsZW5vX2lzcmFlbF9wYXJhX2ludmVybmFkZXJvc18xMC5qcGciLCJzbGlkZXNob3ciOiI0MzVlYzNjIn0%3D\" href='https:\/\/transferencia.co\/wp-content\/uploads\/2018\/03\/polietileno_israel_para_invernaderos_10.jpg'><img loading=\"lazy\" decoding=\"async\" width=\"150\" height=\"150\" src=\"https:\/\/transferencia.co\/wp-content\/uploads\/2018\/03\/polietileno_israel_para_invernaderos_10-150x150.jpg\" class=\"attachment-thumbnail size-thumbnail\" alt=\"\" \/><\/a>\n\t\t\t<\/div><\/figure><figure class='gallery-item'>\n\t\t\t<div class='gallery-icon landscape'>\n\t\t\t\t<a data-elementor-open-lightbox=\"yes\" data-elementor-lightbox-slideshow=\"435ec3c\" data-elementor-lightbox-title=\"polietileno_israel_para_invernaderos_09\" data-e-action-hash=\"#elementor-action%3Aaction%3Dlightbox%26settings%3DeyJpZCI6MTg0LCJ1cmwiOiJodHRwczpcL1wvdHJhbnNmZXJlbmNpYS5jb1wvd3AtY29udGVudFwvdXBsb2Fkc1wvMjAxOFwvMDNcL3BvbGlldGlsZW5vX2lzcmFlbF9wYXJhX2ludmVybmFkZXJvc18wOS5qcGciLCJzbGlkZXNob3ciOiI0MzVlYzNjIn0%3D\" href='https:\/\/transferencia.co\/wp-content\/uploads\/2018\/03\/polietileno_israel_para_invernaderos_09.jpg'><img loading=\"lazy\" decoding=\"async\" width=\"150\" height=\"150\" src=\"https:\/\/transferencia.co\/wp-content\/uploads\/2018\/03\/polietileno_israel_para_invernaderos_09-150x150.jpg\" class=\"attachment-thumbnail size-thumbnail\" alt=\"\" \/><\/a>\n\t\t\t<\/div><\/figure><figure class='gallery-item'>\n\t\t\t<div class='gallery-icon landscape'>\n\t\t\t\t<a data-elementor-open-lightbox=\"yes\" data-elementor-lightbox-slideshow=\"435ec3c\" data-elementor-lightbox-title=\"polietileno_israel_para_invernaderos_08\" data-e-action-hash=\"#elementor-action%3Aaction%3Dlightbox%26settings%3DeyJpZCI6MTgzLCJ1cmwiOiJodHRwczpcL1wvdHJhbnNmZXJlbmNpYS5jb1wvd3AtY29udGVudFwvdXBsb2Fkc1wvMjAxOFwvMDNcL3BvbGlldGlsZW5vX2lzcmFlbF9wYXJhX2ludmVybmFkZXJvc18wOC5qcGciLCJzbGlkZXNob3ciOiI0MzVlYzNjIn0%3D\" href='https:\/\/transferencia.co\/wp-content\/uploads\/2018\/03\/polietileno_israel_para_invernaderos_08.jpg'><img loading=\"lazy\" decoding=\"async\" width=\"150\" height=\"150\" src=\"https:\/\/transferencia.co\/wp-content\/uploads\/2018\/03\/polietileno_israel_para_invernaderos_08-150x150.jpg\" class=\"attachment-thumbnail size-thumbnail\" alt=\"\" \/><\/a>\n\t\t\t<\/div><\/figure><figure class='gallery-item'>\n\t\t\t<div class='gallery-icon landscape'>\n\t\t\t\t<a data-elementor-open-lightbox=\"yes\" data-elementor-lightbox-slideshow=\"435ec3c\" data-elementor-lightbox-title=\"polietileno_israel_para_invernaderos_07\" data-e-action-hash=\"#elementor-action%3Aaction%3Dlightbox%26settings%3DeyJpZCI6MTgyLCJ1cmwiOiJodHRwczpcL1wvdHJhbnNmZXJlbmNpYS5jb1wvd3AtY29udGVudFwvdXBsb2Fkc1wvMjAxOFwvMDNcL3BvbGlldGlsZW5vX2lzcmFlbF9wYXJhX2ludmVybmFkZXJvc18wNy5qcGciLCJzbGlkZXNob3ciOiI0MzVlYzNjIn0%3D\" href='https:\/\/transferencia.co\/wp-content\/uploads\/2018\/03\/polietileno_israel_para_invernaderos_07.jpg'><img loading=\"lazy\" decoding=\"async\" width=\"150\" height=\"150\" src=\"https:\/\/transferencia.co\/wp-content\/uploads\/2018\/03\/polietileno_israel_para_invernaderos_07-150x150.jpg\" class=\"attachment-thumbnail size-thumbnail\" alt=\"\" \/><\/a>\n\t\t\t<\/div><\/figure><figure class='gallery-item'>\n\t\t\t<div class='gallery-icon landscape'>\n\t\t\t\t<a data-elementor-open-lightbox=\"yes\" data-elementor-lightbox-slideshow=\"435ec3c\" data-elementor-lightbox-title=\"polietileno_israel_para_invernaderos_06\" data-e-action-hash=\"#elementor-action%3Aaction%3Dlightbox%26settings%3DeyJpZCI6MTgxLCJ1cmwiOiJodHRwczpcL1wvdHJhbnNmZXJlbmNpYS5jb1wvd3AtY29udGVudFwvdXBsb2Fkc1wvMjAxOFwvMDNcL3BvbGlldGlsZW5vX2lzcmFlbF9wYXJhX2ludmVybmFkZXJvc18wNi5qcGciLCJzbGlkZXNob3ciOiI0MzVlYzNjIn0%3D\" href='https:\/\/transferencia.co\/wp-content\/uploads\/2018\/03\/polietileno_israel_para_invernaderos_06.jpg'><img loading=\"lazy\" decoding=\"async\" width=\"150\" height=\"150\" src=\"https:\/\/transferencia.co\/wp-content\/uploads\/2018\/03\/polietileno_israel_para_invernaderos_06-150x150.jpg\" class=\"attachment-thumbnail size-thumbnail\" alt=\"\" \/><\/a>\n\t\t\t<\/div><\/figure><figure class='gallery-item'>\n\t\t\t<div class='gallery-icon landscape'>\n\t\t\t\t<a data-elementor-open-lightbox=\"yes\" data-elementor-lightbox-slideshow=\"435ec3c\" data-elementor-lightbox-title=\"polietileno_israel_para_invernaderos_05\" data-e-action-hash=\"#elementor-action%3Aaction%3Dlightbox%26settings%3DeyJpZCI6MTgwLCJ1cmwiOiJodHRwczpcL1wvdHJhbnNmZXJlbmNpYS5jb1wvd3AtY29udGVudFwvdXBsb2Fkc1wvMjAxOFwvMDNcL3BvbGlldGlsZW5vX2lzcmFlbF9wYXJhX2ludmVybmFkZXJvc18wNS5qcGciLCJzbGlkZXNob3ciOiI0MzVlYzNjIn0%3D\" href='https:\/\/transferencia.co\/wp-content\/uploads\/2018\/03\/polietileno_israel_para_invernaderos_05.jpg'><img loading=\"lazy\" decoding=\"async\" width=\"150\" height=\"150\" src=\"https:\/\/transferencia.co\/wp-content\/uploads\/2018\/03\/polietileno_israel_para_invernaderos_05-150x150.jpg\" class=\"attachment-thumbnail size-thumbnail\" alt=\"\" \/><\/a>\n\t\t\t<\/div><\/figure><figure class='gallery-item'>\n\t\t\t<div class='gallery-icon landscape'>\n\t\t\t\t<a data-elementor-open-lightbox=\"yes\" data-elementor-lightbox-slideshow=\"435ec3c\" data-elementor-lightbox-title=\"polietileno_israel_para_invernaderos_04\" data-e-action-hash=\"#elementor-action%3Aaction%3Dlightbox%26settings%3DeyJpZCI6MTc5LCJ1cmwiOiJodHRwczpcL1wvdHJhbnNmZXJlbmNpYS5jb1wvd3AtY29udGVudFwvdXBsb2Fkc1wvMjAxOFwvMDNcL3BvbGlldGlsZW5vX2lzcmFlbF9wYXJhX2ludmVybmFkZXJvc18wNC5qcGciLCJzbGlkZXNob3ciOiI0MzVlYzNjIn0%3D\" href='https:\/\/transferencia.co\/wp-content\/uploads\/2018\/03\/polietileno_israel_para_invernaderos_04.jpg'><img loading=\"lazy\" decoding=\"async\" width=\"150\" height=\"150\" src=\"https:\/\/transferencia.co\/wp-content\/uploads\/2018\/03\/polietileno_israel_para_invernaderos_04-150x150.jpg\" class=\"attachment-thumbnail size-thumbnail\" alt=\"\" \/><\/a>\n\t\t\t<\/div><\/figure><figure class='gallery-item'>\n\t\t\t<div class='gallery-icon landscape'>\n\t\t\t\t<a data-elementor-open-lightbox=\"yes\" data-elementor-lightbox-slideshow=\"435ec3c\" data-elementor-lightbox-title=\"polietileno_israel_para_invernaderos_03\" data-e-action-hash=\"#elementor-action%3Aaction%3Dlightbox%26settings%3DeyJpZCI6MTc4LCJ1cmwiOiJodHRwczpcL1wvdHJhbnNmZXJlbmNpYS5jb1wvd3AtY29udGVudFwvdXBsb2Fkc1wvMjAxOFwvMDNcL3BvbGlldGlsZW5vX2lzcmFlbF9wYXJhX2ludmVybmFkZXJvc18wMy5qcGciLCJzbGlkZXNob3ciOiI0MzVlYzNjIn0%3D\" href='https:\/\/transferencia.co\/wp-content\/uploads\/2018\/03\/polietileno_israel_para_invernaderos_03.jpg'><img loading=\"lazy\" decoding=\"async\" width=\"150\" height=\"150\" src=\"https:\/\/transferencia.co\/wp-content\/uploads\/2018\/03\/polietileno_israel_para_invernaderos_03-150x150.jpg\" class=\"attachment-thumbnail size-thumbnail\" alt=\"\" \/><\/a>\n\t\t\t<\/div><\/figure><figure class='gallery-item'>\n\t\t\t<div class='gallery-icon landscape'>\n\t\t\t\t<a data-elementor-open-lightbox=\"yes\" data-elementor-lightbox-slideshow=\"435ec3c\" data-elementor-lightbox-title=\"polietileno_israel_para_invernaderos_02\" data-e-action-hash=\"#elementor-action%3Aaction%3Dlightbox%26settings%3DeyJpZCI6MTc3LCJ1cmwiOiJodHRwczpcL1wvdHJhbnNmZXJlbmNpYS5jb1wvd3AtY29udGVudFwvdXBsb2Fkc1wvMjAxOFwvMDNcL3BvbGlldGlsZW5vX2lzcmFlbF9wYXJhX2ludmVybmFkZXJvc18wMi5qcGciLCJzbGlkZXNob3ciOiI0MzVlYzNjIn0%3D\" href='https:\/\/transferencia.co\/wp-content\/uploads\/2018\/03\/polietileno_israel_para_invernaderos_02.jpg'><img loading=\"lazy\" decoding=\"async\" width=\"150\" height=\"150\" src=\"https:\/\/transferencia.co\/wp-content\/uploads\/2018\/03\/polietileno_israel_para_invernaderos_02-150x150.jpg\" class=\"attachment-thumbnail size-thumbnail\" alt=\"\" \/><\/a>\n\t\t\t<\/div><\/figure>\n\t\t<\/div>\n\t\t<\/div>\n\t\t\t\t\t\t<\/div>\n\t\t\t\t<\/div>\n\t\t\t\t\t<\/div>\n\t\t<\/div>\n\t\t\t\t\t<\/div>\n\t\t<\/section>\n\t\t\t\t<\/div>\n\t\t","protected":false},"excerpt":{"rendered":"<p>INVERNADEROS Y POLIETILENO ISRAEL\u00cd TRANSFERENCIA AGR\u00cdCOLA S.A.S, cuenta desde el a\u00f1o 2012 con la distribuci\u00f3n exclusiva para Colombia del polietileno israel\u00ed Politiv, [&hellip;]<\/p>\n","protected":false},"author":1,"featured_media":0,"parent":72,"menu_order":0,"comment_status":"closed","ping_status":"closed","template":"elementor_header_footer","meta":{"footnotes":""},"class_list":["post-152","page","type-page","status-publish","hentry"],"_links":{"self":[{"href":"https:\/\/transferencia.co\/index.php?rest_route=\/wp\/v2\/pages\/152","targetHints":{"allow":["GET"]}}],"collection":[{"href":"https:\/\/transferencia.co\/index.php?rest_route=\/wp\/v2\/pages"}],"about":[{"href":"https:\/\/transferencia.co\/index.php?rest_route=\/wp\/v2\/types\/page"}],"author":[{"embeddable":true,"href":"https:\/\/transferencia.co\/index.php?rest_route=\/wp\/v2\/users\/1"}],"replies":[{"embeddable":true,"href":"https:\/\/transferencia.co\/index.php?rest_route=%2Fwp%2Fv2%2Fcomments&post=152"}],"version-history":[{"count":15,"href":"https:\/\/transferencia.co\/index.php?rest_route=\/wp\/v2\/pages\/152\/revisions"}],"predecessor-version":[{"id":813,"href":"https:\/\/transferencia.co\/index.php?rest_route=\/wp\/v2\/pages\/152\/revisions\/813"}],"up":[{"embeddable":true,"href":"https:\/\/transferencia.co\/index.php?rest_route=\/wp\/v2\/pages\/72"}],"wp:attachment":[{"href":"https:\/\/transferencia.co\/index.php?rest_route=%2Fwp%2Fv2%2Fmedia&parent=152"}],"curies":[{"name":"wp","href":"https:\/\/api.w.org\/{rel}","templated":true}]}}